{"id":695,"date":"2025-03-12T09:58:56","date_gmt":"2025-03-12T08:58:56","guid":{"rendered":"https:\/\/gorkahodson.eu\/privacy-policy\/"},"modified":"2025-09-10T13:07:35","modified_gmt":"2025-09-10T11:07:35","slug":"privacy-policy","status":"publish","type":"page","link":"https:\/\/gorkahodson.eu\/en\/privacy-policy\/","title":{"rendered":"Privacy Policy"},"content":{"rendered":"\t\t<div data-elementor-type=\"wp-page\" data-elementor-id=\"695\" class=\"elementor elementor-695 elementor-3\" data-elementor-post-type=\"page\">\n\t\t\t\t<div class=\"elementor-element elementor-element-3f98af2a e-flex e-con-boxed e-con e-parent\" data-id=\"3f98af2a\" data-element_type=\"container\" data-e-type=\"container\">\n\t\t\t\t\t<div class=\"e-con-inner\">\n\t\t\t\t<div class=\"elementor-element elementor-element-ccb897a elementor-widget elementor-widget-heading\" data-id=\"ccb897a\" data-element_type=\"widget\" data-e-type=\"widget\" data-widget_type=\"heading.default\">\n\t\t\t\t<div class=\"elementor-widget-container\">\n\t\t\t\t\t<h1 class=\"elementor-heading-title elementor-size-default\">Privacy Policy<\/h1>\t\t\t\t<\/div>\n\t\t\t\t<\/div>\n\t\t\t\t<div class=\"elementor-element elementor-element-51e6afc5 elementor-widget elementor-widget-text-editor\" data-id=\"51e6afc5\" data-element_type=\"widget\" data-e-type=\"widget\" data-widget_type=\"text-editor.default\">\n\t\t\t\t<div class=\"elementor-widget-container\">\n\t\t\t\t\t\t\t\t\t<p><b>Domain name<\/b>: gorkahodson.eu<br><b>Company name<\/b>: Gorka Hodson.<br><b>Trade name<\/b>: Gorka Hodson.<br><b>Email<\/b>: gorka.hodson@gmail.com<\/p><p>In accordance with the provisions of the Organic Law on the Protection of Personal Data (LOPD), the responsible for the website, informs all users of the website who provide or will provide their personal data, that these will be processed for the purpose of management and control of contractual relations, as well as for the activity of advertising or commercial prospecting about our products and services.<\/p><p><b>Who is responsible for the processing of your personal data?<\/b><\/p><p>Gorka Hodson Otaola.<br>Email: gorka.hodson@gmail.com<\/p><p><b>For what purposes do we process your personal data?<\/b><\/p><p>The Data Controller processes your personal data for the purpose of management and control of contractual relations, as well as for the activity of advertising or commercial prospecting on our products and services.<\/p><p><b>How long will we keep your data?<\/b><\/p><p>The personal data provided will be retained for as long as the business relationship is maintained or for the years necessary to comply with legal obligations.<\/p><p><b>What is the legitimacy for the processing of your personal data?<\/b><\/p><p>The legal basis for the processing of your data is your unambiguous consent.<\/p><p><b>Who are the recipients of your personal data?<\/b><\/p><p>No data will be transferred to third parties, unless legally required.<\/p><p><b>What are your rights when you provide us with your data?<\/b><\/p><p>Any person has the right to obtain confirmation as to whether or not we are processing personal data concerning them.<\/p><p>Interested parties have the right to access their personal data, as well as to request the rectification of inaccurate data or, where appropriate, to request its deletion when, among other reasons, the data is no longer necessary for the purposes for which it was collected.<\/p><p>In certain circumstances, the interested parties may request the limitation of the processing of their data, in which case we will only keep them for the exercise or defense of claims.<\/p><p>In certain circumstances and for reasons related to their particular situation, data subjects may object to the processing of their data. We will stop processing the data, except for compelling legitimate reasons, or the exercise or defense of possible claims.<\/p><p>To exercise any of these rights you can contact us through the means of contact provided by the Responsible.<\/p><p>All data requested through the website are mandatory, as they are necessary for the provision of an optimal service to the user. In the event that not all data is provided, the provider does not guarantee that the information and services provided will be completely tailored to your needs.<\/p><p>Similarly, the user may unsubscribe from any of the subscription services provided by clicking on the unsubscribe section of all emails sent by the provider.<\/p><p>Likewise, the provider has adopted all the necessary technical and organizational measures to guarantee the security and integrity of the personal data it processes, as well as to prevent its loss, alteration and\/or access by unauthorized third parties.<\/p><p><b>IP ADDRESSES<\/b><\/p><p>The website servers may automatically detect the IP address and domain name used by the user. An IP address is a number automatically assigned to a computer when it connects to the Internet. All this information is recorded in a duly registered server activity file that allows the subsequent processing of the data in order to obtain only statistical measurements that allow us to know the number of page impressions, the number of visits made to web services, the order of visits, the access point, etc.<\/p><p><b>SECURITY<\/b><\/p><p>The website uses information security techniques generally accepted in the industry, such as firewalls, access control procedures and cryptographic mechanisms, all with the aim of preventing unauthorized access to data. To achieve these purposes, the user\/customer accepts that the provider obtains data for the purposes of the corresponding authentication of access controls.<\/p><p>Any process that involves the introduction of personal data of a high character (health, ideology, &#8230;) will always be transmitted through secure communication protocol (https:\/\/&#8230;) with SSL certificate, so that no third party has access to the information transmitted electronically.<\/p>\t\t\t\t\t\t\t\t<\/div>\n\t\t\t\t<\/div>\n\t\t\t\t\t<\/div>\n\t\t\t\t<\/div>\n\t\t<div class=\"elementor-element elementor-element-6f16a35 e-con-full e-flex e-con e-parent\" data-id=\"6f16a35\" data-element_type=\"container\" data-e-type=\"container\">\n\t\t\t\t<div class=\"elementor-element elementor-element-d64d2c8 elementor-widget elementor-widget-shortcode\" data-id=\"d64d2c8\" data-element_type=\"widget\" data-e-type=\"widget\" data-widget_type=\"shortcode.default\">\n\t\t\t\t<div class=\"elementor-widget-container\">\n\t\t\t\t\t\t\t<div class=\"elementor-shortcode\">\t\t<div data-elementor-type=\"container\" data-elementor-id=\"598\" class=\"elementor elementor-598 elementor-159 elementor-159\" data-elementor-post-type=\"elementor_library\">\n\t\t\t\t<div class=\"elementor-element elementor-element-475749f4 e-con-full e-flex e-con e-parent\" data-id=\"475749f4\" data-element_type=\"container\" data-e-type=\"container\" id=\"contacto\">\n\t\t<div class=\"elementor-element elementor-element-1eeced0c e-con-full e-flex elementor-invisible e-con e-child\" data-id=\"1eeced0c\" data-element_type=\"container\" data-e-type=\"container\" data-settings=\"{&quot;background_background&quot;:&quot;classic&quot;,&quot;animation&quot;:&quot;zoomIn&quot;}\">\n\t\t\t\t<\/div>\n\t\t<div class=\"elementor-element elementor-element-5942944c e-con-full e-flex e-con e-child\" data-id=\"5942944c\" data-element_type=\"container\" data-e-type=\"container\">\n\t\t<div class=\"elementor-element elementor-element-52cdffa e-con-full e-flex e-con e-child\" data-id=\"52cdffa\" data-element_type=\"container\" data-e-type=\"container\">\n\t\t<div class=\"elementor-element elementor-element-3b85c37 e-con-full e-flex e-con e-child\" data-id=\"3b85c37\" data-element_type=\"container\" data-e-type=\"container\">\n\t\t\t\t<div class=\"elementor-element elementor-element-9971dfc elementor-invisible elementor-widget elementor-widget-image\" data-id=\"9971dfc\" data-element_type=\"widget\" data-e-type=\"widget\" data-settings=\"{&quot;_animation&quot;:&quot;flash&quot;}\" data-widget_type=\"image.default\">\n\t\t\t\t<div class=\"elementor-widget-container\">\n\t\t\t\t\t\t\t\t\t\t\t\t\t\t\t<img decoding=\"async\" width=\"50\" height=\"54\" src=\"https:\/\/gorkahodson.eu\/wp-content\/uploads\/2025\/03\/chevron.svg\" class=\"attachment-full size-full wp-image-360\" alt=\"Gorka Hodson - Creaci\u00f3n de Contenido Biling\u00fce\" \/>\t\t\t\t\t\t\t\t\t\t\t\t\t\t\t<\/div>\n\t\t\t\t<\/div>\n\t\t\t\t<\/div>\n\t\t<div class=\"elementor-element elementor-element-16380d5 e-con-full e-flex e-con e-child\" data-id=\"16380d5\" data-element_type=\"container\" data-e-type=\"container\">\n\t\t\t\t<div class=\"elementor-element elementor-element-609101e elementor-invisible elementor-widget elementor-widget-heading\" data-id=\"609101e\" data-element_type=\"widget\" data-e-type=\"widget\" data-settings=\"{&quot;_animation&quot;:&quot;fadeInRight&quot;}\" data-widget_type=\"heading.default\">\n\t\t\t\t<div class=\"elementor-widget-container\">\n\t\t\t\t\t<h2 class=\"elementor-heading-title elementor-size-default\">Contact me<\/h2>\t\t\t\t<\/div>\n\t\t\t\t<\/div>\n\t\t\t\t<\/div>\n\t\t\t\t<\/div>\n\t\t\t\t<div class=\"elementor-element elementor-element-5bc68d93 elementor-button-align-start elementor-widget__width-initial elementor-tablet-button-align-center elementor-mobile-button-align-stretch elementor-invisible elementor-widget elementor-widget-form\" data-id=\"5bc68d93\" data-element_type=\"widget\" data-e-type=\"widget\" data-settings=\"{&quot;step_next_label&quot;:&quot;Next&quot;,&quot;step_previous_label&quot;:&quot;Previous&quot;,&quot;_animation&quot;:&quot;fadeInUp&quot;,&quot;_animation_delay&quot;:200,&quot;button_width&quot;:&quot;100&quot;,&quot;step_type&quot;:&quot;number_text&quot;,&quot;step_icon_shape&quot;:&quot;circle&quot;}\" data-widget_type=\"form.default\">\n\t\t\t\t<div class=\"elementor-widget-container\">\n\t\t\t\t\t\t\t<form class=\"elementor-form\" method=\"post\" name=\"New Form\" aria-label=\"New Form\">\n\t\t\t<input type=\"hidden\" name=\"post_id\" value=\"598\"\/>\n\t\t\t<input type=\"hidden\" name=\"form_id\" value=\"5bc68d93\"\/>\n\t\t\t<input type=\"hidden\" name=\"referer_title\" value=\"Case Study: Transcreation of a Slogan for a Global Brand Campaign - Gorka Hodson\" \/>\n\n\t\t\t\t\t\t\t<input type=\"hidden\" name=\"queried_id\" value=\"610\"\/>\n\t\t\t\n\t\t\t<div class=\"elementor-form-fields-wrapper elementor-labels-\">\n\t\t\t\t\t\t\t\t<div class=\"elementor-field-type-text elementor-field-group elementor-column elementor-field-group-nombre elementor-col-100 elementor-field-required\">\n\t\t\t\t\t\t\t\t\t\t\t\t<label for=\"form-field-nombre\" class=\"elementor-field-label elementor-screen-only\">\n\t\t\t\t\t\t\t\tName\t\t\t\t\t\t\t<\/label>\n\t\t\t\t\t\t\t\t\t\t\t\t\t\t<input size=\"1\" type=\"text\" name=\"form_fields[nombre]\" id=\"form-field-nombre\" class=\"elementor-field elementor-size-sm  elementor-field-textual\" placeholder=\"Name\" required=\"required\">\n\t\t\t\t\t\t\t\t\t\t\t<\/div>\n\t\t\t\t\t\t\t\t<div class=\"elementor-field-type-email elementor-field-group elementor-column elementor-field-group-email elementor-col-100 elementor-field-required\">\n\t\t\t\t\t\t\t\t\t\t\t\t<label for=\"form-field-email\" class=\"elementor-field-label elementor-screen-only\">\n\t\t\t\t\t\t\t\tEmail\t\t\t\t\t\t\t<\/label>\n\t\t\t\t\t\t\t\t\t\t\t\t\t\t<input size=\"1\" type=\"email\" name=\"form_fields[email]\" id=\"form-field-email\" class=\"elementor-field elementor-size-sm  elementor-field-textual\" placeholder=\"Email\" required=\"required\">\n\t\t\t\t\t\t\t\t\t\t\t<\/div>\n\t\t\t\t\t\t\t\t<div class=\"elementor-field-type-textarea elementor-field-group elementor-column elementor-field-group-mensaje elementor-col-100 elementor-field-required\">\n\t\t\t\t\t\t\t\t\t\t\t\t<label for=\"form-field-mensaje\" class=\"elementor-field-label elementor-screen-only\">\n\t\t\t\t\t\t\t\tMessage\t\t\t\t\t\t\t<\/label>\n\t\t\t\t\t\t<textarea class=\"elementor-field-textual elementor-field  elementor-size-sm\" name=\"form_fields[mensaje]\" id=\"form-field-mensaje\" rows=\"4\" placeholder=\"Message\" required=\"required\"><\/textarea>\t\t\t\t<\/div>\n\t\t\t\t\t\t\t\t<div class=\"elementor-field-type-acceptance elementor-field-group elementor-column elementor-field-group-field_4271164 elementor-col-100 elementor-field-required\">\n\t\t\t\t\t\t\t<div class=\"elementor-field-subgroup\">\n\t\t\t<span class=\"elementor-field-option\">\n\t\t\t\t<input type=\"checkbox\" name=\"form_fields[field_4271164]\" id=\"form-field-field_4271164\" class=\"elementor-field elementor-size-sm  elementor-acceptance-field\" required=\"required\">\n\t\t\t\t<label for=\"form-field-field_4271164\">Accept the <a class=\"lk01\" href=\"https:\/\/gorkahodson.eu\/en\/privacy-policy\/\">Privacy Policy<\/a> of this web site<\/label>\t\t\t<\/span>\n\t\t<\/div>\n\t\t\t\t\t\t<\/div>\n\t\t\t\t\t\t\t\t<div class=\"elementor-field-group elementor-column elementor-field-type-submit elementor-col-100 e-form__buttons\">\n\t\t\t\t\t<button class=\"elementor-button elementor-size-sm\" type=\"submit\">\n\t\t\t\t\t\t<span class=\"elementor-button-content-wrapper\">\n\t\t\t\t\t\t\t\t\t\t\t\t\t\t\t\t\t\t\t\t\t\t<span class=\"elementor-button-text\">Send to<\/span>\n\t\t\t\t\t\t\t\t\t\t\t\t\t<\/span>\n\t\t\t\t\t<\/button>\n\t\t\t\t<\/div>\n\t\t\t<\/div>\n\t\t<\/form>\n\t\t\t\t\t\t<\/div>\n\t\t\t\t<\/div>\n\t\t<div class=\"elementor-element elementor-element-4ca4a34 e-con-full e-flex e-con e-child\" data-id=\"4ca4a34\" data-element_type=\"container\" data-e-type=\"container\">\n\t\t\t\t<div class=\"elementor-element elementor-element-11d4c6f3 elementor-position-inline-start e-transform elementor-view-default elementor-mobile-position-block-start elementor-invisible elementor-widget elementor-widget-icon-box\" data-id=\"11d4c6f3\" data-element_type=\"widget\" data-e-type=\"widget\" data-settings=\"{&quot;_transform_translateY_effect_hover&quot;:{&quot;unit&quot;:&quot;px&quot;,&quot;size&quot;:-8,&quot;sizes&quot;:[]},&quot;_animation&quot;:&quot;fadeInUp&quot;,&quot;_animation_delay&quot;:400,&quot;_transform_translateX_effect_hover&quot;:{&quot;unit&quot;:&quot;px&quot;,&quot;size&quot;:&quot;&quot;,&quot;sizes&quot;:[]},&quot;_transform_translateX_effect_hover_tablet&quot;:{&quot;unit&quot;:&quot;px&quot;,&quot;size&quot;:&quot;&quot;,&quot;sizes&quot;:[]},&quot;_transform_translateX_effect_hover_mobile&quot;:{&quot;unit&quot;:&quot;px&quot;,&quot;size&quot;:&quot;&quot;,&quot;sizes&quot;:[]},&quot;_transform_translateY_effect_hover_tablet&quot;:{&quot;unit&quot;:&quot;px&quot;,&quot;size&quot;:&quot;&quot;,&quot;sizes&quot;:[]},&quot;_transform_translateY_effect_hover_mobile&quot;:{&quot;unit&quot;:&quot;px&quot;,&quot;size&quot;:&quot;&quot;,&quot;sizes&quot;:[]}}\" data-widget_type=\"icon-box.default\">\n\t\t\t\t<div class=\"elementor-widget-container\">\n\t\t\t\t\t\t\t<div class=\"elementor-icon-box-wrapper\">\n\n\t\t\t\t\t\t<div class=\"elementor-icon-box-icon\">\n\t\t\t\t<a href=\"mailto:gorka.hodson@gmail.com\" class=\"elementor-icon\" tabindex=\"-1\" aria-label=\"gorka.hodson@gmail.com\">\n\t\t\t\t<svg aria-hidden=\"true\" class=\"e-font-icon-svg e-far-envelope-open\" viewBox=\"0 0 512 512\" xmlns=\"http:\/\/www.w3.org\/2000\/svg\"><path d=\"M494.586 164.516c-4.697-3.883-111.723-89.95-135.251-108.657C337.231 38.191 299.437 0 256 0c-43.205 0-80.636 37.717-103.335 55.859-24.463 19.45-131.07 105.195-135.15 108.549A48.004 48.004 0 0 0 0 201.485V464c0 26.51 21.49 48 48 48h416c26.51 0 48-21.49 48-48V201.509a48 48 0 0 0-17.414-36.993zM464 458a6 6 0 0 1-6 6H54a6 6 0 0 1-6-6V204.347c0-1.813.816-3.526 2.226-4.665 15.87-12.814 108.793-87.554 132.364-106.293C200.755 78.88 232.398 48 256 48c23.693 0 55.857 31.369 73.41 45.389 23.573 18.741 116.503 93.493 132.366 106.316a5.99 5.99 0 0 1 2.224 4.663V458zm-31.991-187.704c4.249 5.159 3.465 12.795-1.745 16.981-28.975 23.283-59.274 47.597-70.929 56.863C336.636 362.283 299.205 400 256 400c-43.452 0-81.287-38.237-103.335-55.86-11.279-8.967-41.744-33.413-70.927-56.865-5.21-4.187-5.993-11.822-1.745-16.981l15.258-18.528c4.178-5.073 11.657-5.843 16.779-1.726 28.618 23.001 58.566 47.035 70.56 56.571C200.143 320.631 232.307 352 256 352c23.602 0 55.246-30.88 73.41-45.389 11.994-9.535 41.944-33.57 70.563-56.568 5.122-4.116 12.601-3.346 16.778 1.727l15.258 18.526z\"><\/path><\/svg>\t\t\t\t<\/a>\n\t\t\t<\/div>\n\t\t\t\n\t\t\t\t\t\t<div class=\"elementor-icon-box-content\">\n\n\t\t\t\t\t\t\t\t\t<h3 class=\"elementor-icon-box-title\">\n\t\t\t\t\t\t<a href=\"mailto:gorka.hodson@gmail.com\" >\n\t\t\t\t\t\t\tgorka.hodson@gmail.com\t\t\t\t\t\t<\/a>\n\t\t\t\t\t<\/h3>\n\t\t\t\t\n\t\t\t\t\n\t\t\t<\/div>\n\t\t\t\n\t\t<\/div>\n\t\t\t\t\t\t<\/div>\n\t\t\t\t<\/div>\n\t\t\t\t<div class=\"elementor-element elementor-element-16df1663 e-grid-align-left e-grid-align-mobile-center e-transform elementor-shape-rounded elementor-grid-0 elementor-invisible elementor-widget elementor-widget-social-icons\" data-id=\"16df1663\" data-element_type=\"widget\" data-e-type=\"widget\" data-settings=\"{&quot;_transform_translateY_effect_hover&quot;:{&quot;unit&quot;:&quot;px&quot;,&quot;size&quot;:-8,&quot;sizes&quot;:[]},&quot;_animation&quot;:&quot;fadeInUp&quot;,&quot;_animation_delay&quot;:600,&quot;_transform_translateX_effect_hover&quot;:{&quot;unit&quot;:&quot;px&quot;,&quot;size&quot;:&quot;&quot;,&quot;sizes&quot;:[]},&quot;_transform_translateX_effect_hover_tablet&quot;:{&quot;unit&quot;:&quot;px&quot;,&quot;size&quot;:&quot;&quot;,&quot;sizes&quot;:[]},&quot;_transform_translateX_effect_hover_mobile&quot;:{&quot;unit&quot;:&quot;px&quot;,&quot;size&quot;:&quot;&quot;,&quot;sizes&quot;:[]},&quot;_transform_translateY_effect_hover_tablet&quot;:{&quot;unit&quot;:&quot;px&quot;,&quot;size&quot;:&quot;&quot;,&quot;sizes&quot;:[]},&quot;_transform_translateY_effect_hover_mobile&quot;:{&quot;unit&quot;:&quot;px&quot;,&quot;size&quot;:&quot;&quot;,&quot;sizes&quot;:[]}}\" data-widget_type=\"social-icons.default\">\n\t\t\t\t<div class=\"elementor-widget-container\">\n\t\t\t\t\t\t\t<div class=\"elementor-social-icons-wrapper elementor-grid\">\n\t\t\t\t\t\t\t<span class=\"elementor-grid-item\">\n\t\t\t\t\t<a class=\"elementor-icon elementor-social-icon elementor-social-icon-linkedin-in elementor-repeater-item-1cbcf8c\" href=\"https:\/\/www.linkedin.com\/in\/gorkahodson\/\" target=\"_blank\">\n\t\t\t\t\t\t<span class=\"elementor-screen-only\">Linkedin-in<\/span>\n\t\t\t\t\t\t<svg aria-hidden=\"true\" class=\"e-font-icon-svg e-fab-linkedin-in\" viewBox=\"0 0 448 512\" xmlns=\"http:\/\/www.w3.org\/2000\/svg\"><path d=\"M100.28 448H7.4V148.9h92.88zM53.79 108.1C24.09 108.1 0 83.5 0 53.8a53.79 53.79 0 0 1 107.58 0c0 29.7-24.1 54.3-53.79 54.3zM447.9 448h-92.68V302.4c0-34.7-.7-79.2-48.29-79.2-48.29 0-55.69 37.7-55.69 76.7V448h-92.78V148.9h89.08v40.8h1.3c12.4-23.5 42.69-48.3 87.88-48.3 94 0 111.28 61.9 111.28 142.3V448z\"><\/path><\/svg>\t\t\t\t\t<\/a>\n\t\t\t\t<\/span>\n\t\t\t\t\t<\/div>\n\t\t\t\t\t\t<\/div>\n\t\t\t\t<\/div>\n\t\t\t\t<\/div>\n\t\t\t\t<\/div>\n\t\t\t\t<\/div>\n\t\t\t\t<\/div>\n\t\t<\/div>\n\t\t\t\t\t\t<\/div>\n\t\t\t\t<\/div>\n\t\t\t\t<\/div>\n\t\t\t\t<\/div>\n\t\t","protected":false},"excerpt":{"rendered":"<p>Privacy Policy Domain name: gorkahodson.euCompany name: Gorka Hodson.Trade name: Gorka Hodson.Email: gorka.hodson@gmail.com In accordance with the provisions of the Organic Law on the Protection of Personal Data (LOPD), the responsible for the website, informs all users of the website who provide or will provide their personal data, that these will be processed for the purpose [&hellip;]<\/p>\n","protected":false},"author":1,"featured_media":0,"parent":0,"menu_order":0,"comment_status":"closed","ping_status":"closed","template":"","meta":{"_acf_changed":false,"footnotes":""},"class_list":["post-695","page","type-page","status-publish","hentry"],"acf":[],"yoast_head":"<!-- This site is optimized with the Yoast SEO plugin v27.5 - https:\/\/yoast.com\/product\/yoast-seo-wordpress\/ -->\n<title>Privacy Policy - Gorka Hodson<\/title>\n<meta name=\"robots\" content=\"index, follow, max-snippet:-1, max-image-preview:large, max-video-preview:-1\" \/>\n<link rel=\"canonical\" href=\"https:\/\/gorkahodson.eu\/politica-privacidad\/\" \/>\n<meta property=\"og:locale\" content=\"en_US\" \/>\n<meta property=\"og:type\" content=\"article\" \/>\n<meta property=\"og:title\" content=\"Privacy Policy - Gorka Hodson\" \/>\n<meta property=\"og:description\" content=\"Privacy Policy Domain name: gorkahodson.euCompany name: Gorka Hodson.Trade name: Gorka Hodson.Email: gorka.hodson@gmail.com In accordance with the provisions of the Organic Law on the Protection of Personal Data (LOPD), the responsible for the website, informs all users of the website who provide or will provide their personal data, that these will be processed for the purpose [&hellip;]\" \/>\n<meta property=\"og:url\" content=\"https:\/\/gorkahodson.eu\/politica-privacidad\/\" \/>\n<meta property=\"og:site_name\" content=\"Gorka Hodson\" \/>\n<meta property=\"article:modified_time\" content=\"2025-09-10T11:07:35+00:00\" \/>\n<meta name=\"twitter:card\" content=\"summary_large_image\" \/>\n<meta name=\"twitter:label1\" content=\"Est. reading time\" \/>\n\t<meta name=\"twitter:data1\" content=\"3 minutes\" \/>\n<script type=\"application\/ld+json\" class=\"yoast-schema-graph\">{\"@context\":\"https:\\\/\\\/schema.org\",\"@graph\":[{\"@type\":\"WebPage\",\"@id\":\"https:\\\/\\\/gorkahodson.eu\\\/politica-privacidad\\\/\",\"url\":\"https:\\\/\\\/gorkahodson.eu\\\/politica-privacidad\\\/\",\"name\":\"Privacy Policy - Gorka Hodson\",\"isPartOf\":{\"@id\":\"https:\\\/\\\/gorkahodson.eu\\\/#website\"},\"datePublished\":\"2025-03-12T08:58:56+00:00\",\"dateModified\":\"2025-09-10T11:07:35+00:00\",\"breadcrumb\":{\"@id\":\"https:\\\/\\\/gorkahodson.eu\\\/politica-privacidad\\\/#breadcrumb\"},\"inLanguage\":\"en-US\",\"potentialAction\":[{\"@type\":\"ReadAction\",\"target\":[\"https:\\\/\\\/gorkahodson.eu\\\/politica-privacidad\\\/\"]}]},{\"@type\":\"BreadcrumbList\",\"@id\":\"https:\\\/\\\/gorkahodson.eu\\\/politica-privacidad\\\/#breadcrumb\",\"itemListElement\":[{\"@type\":\"ListItem\",\"position\":1,\"name\":\"Portada\",\"item\":\"https:\\\/\\\/gorkahodson.eu\\\/\"},{\"@type\":\"ListItem\",\"position\":2,\"name\":\"Privacy Policy\"}]},{\"@type\":\"WebSite\",\"@id\":\"https:\\\/\\\/gorkahodson.eu\\\/#website\",\"url\":\"https:\\\/\\\/gorkahodson.eu\\\/\",\"name\":\"Gorka Hodson\",\"description\":\"Creaci\u00f3n de Contenido Biling\u00fce y Bicultural, Transcreaci\u00f3n y Copywriting.\",\"publisher\":{\"@id\":\"https:\\\/\\\/gorkahodson.eu\\\/#organization\"},\"potentialAction\":[{\"@type\":\"SearchAction\",\"target\":{\"@type\":\"EntryPoint\",\"urlTemplate\":\"https:\\\/\\\/gorkahodson.eu\\\/?s={search_term_string}\"},\"query-input\":{\"@type\":\"PropertyValueSpecification\",\"valueRequired\":true,\"valueName\":\"search_term_string\"}}],\"inLanguage\":\"en-US\"},{\"@type\":\"Organization\",\"@id\":\"https:\\\/\\\/gorkahodson.eu\\\/#organization\",\"name\":\"Gorka Hodson\",\"url\":\"https:\\\/\\\/gorkahodson.eu\\\/\",\"logo\":{\"@type\":\"ImageObject\",\"inLanguage\":\"en-US\",\"@id\":\"https:\\\/\\\/gorkahodson.eu\\\/#\\\/schema\\\/logo\\\/image\\\/\",\"url\":\"https:\\\/\\\/gorkahodson.eu\\\/wp-content\\\/uploads\\\/2025\\\/04\\\/logo-gorka-v3.svg\",\"contentUrl\":\"https:\\\/\\\/gorkahodson.eu\\\/wp-content\\\/uploads\\\/2025\\\/04\\\/logo-gorka-v3.svg\",\"width\":498,\"height\":107,\"caption\":\"Gorka Hodson\"},\"image\":{\"@id\":\"https:\\\/\\\/gorkahodson.eu\\\/#\\\/schema\\\/logo\\\/image\\\/\"},\"sameAs\":[\"https:\\\/\\\/www.linkedin.com\\\/in\\\/gorkahodson\\\/\"]}]}<\/script>\n<!-- \/ Yoast SEO plugin. -->","yoast_head_json":{"title":"Privacy Policy - Gorka Hodson","robots":{"index":"index","follow":"follow","max-snippet":"max-snippet:-1","max-image-preview":"max-image-preview:large","max-video-preview":"max-video-preview:-1"},"canonical":"https:\/\/gorkahodson.eu\/politica-privacidad\/","og_locale":"en_US","og_type":"article","og_title":"Privacy Policy - Gorka Hodson","og_description":"Privacy Policy Domain name: gorkahodson.euCompany name: Gorka Hodson.Trade name: Gorka Hodson.Email: gorka.hodson@gmail.com In accordance with the provisions of the Organic Law on the Protection of Personal Data (LOPD), the responsible for the website, informs all users of the website who provide or will provide their personal data, that these will be processed for the purpose [&hellip;]","og_url":"https:\/\/gorkahodson.eu\/politica-privacidad\/","og_site_name":"Gorka Hodson","article_modified_time":"2025-09-10T11:07:35+00:00","twitter_card":"summary_large_image","twitter_misc":{"Est. reading time":"3 minutes"},"schema":{"@context":"https:\/\/schema.org","@graph":[{"@type":"WebPage","@id":"https:\/\/gorkahodson.eu\/politica-privacidad\/","url":"https:\/\/gorkahodson.eu\/politica-privacidad\/","name":"Privacy Policy - Gorka Hodson","isPartOf":{"@id":"https:\/\/gorkahodson.eu\/#website"},"datePublished":"2025-03-12T08:58:56+00:00","dateModified":"2025-09-10T11:07:35+00:00","breadcrumb":{"@id":"https:\/\/gorkahodson.eu\/politica-privacidad\/#breadcrumb"},"inLanguage":"en-US","potentialAction":[{"@type":"ReadAction","target":["https:\/\/gorkahodson.eu\/politica-privacidad\/"]}]},{"@type":"BreadcrumbList","@id":"https:\/\/gorkahodson.eu\/politica-privacidad\/#breadcrumb","itemListElement":[{"@type":"ListItem","position":1,"name":"Portada","item":"https:\/\/gorkahodson.eu\/"},{"@type":"ListItem","position":2,"name":"Privacy Policy"}]},{"@type":"WebSite","@id":"https:\/\/gorkahodson.eu\/#website","url":"https:\/\/gorkahodson.eu\/","name":"Gorka Hodson","description":"Creaci\u00f3n de Contenido Biling\u00fce y Bicultural, Transcreaci\u00f3n y Copywriting.","publisher":{"@id":"https:\/\/gorkahodson.eu\/#organization"},"potentialAction":[{"@type":"SearchAction","target":{"@type":"EntryPoint","urlTemplate":"https:\/\/gorkahodson.eu\/?s={search_term_string}"},"query-input":{"@type":"PropertyValueSpecification","valueRequired":true,"valueName":"search_term_string"}}],"inLanguage":"en-US"},{"@type":"Organization","@id":"https:\/\/gorkahodson.eu\/#organization","name":"Gorka Hodson","url":"https:\/\/gorkahodson.eu\/","logo":{"@type":"ImageObject","inLanguage":"en-US","@id":"https:\/\/gorkahodson.eu\/#\/schema\/logo\/image\/","url":"https:\/\/gorkahodson.eu\/wp-content\/uploads\/2025\/04\/logo-gorka-v3.svg","contentUrl":"https:\/\/gorkahodson.eu\/wp-content\/uploads\/2025\/04\/logo-gorka-v3.svg","width":498,"height":107,"caption":"Gorka Hodson"},"image":{"@id":"https:\/\/gorkahodson.eu\/#\/schema\/logo\/image\/"},"sameAs":["https:\/\/www.linkedin.com\/in\/gorkahodson\/"]}]}},"_links":{"self":[{"href":"https:\/\/gorkahodson.eu\/en\/wp-json\/wp\/v2\/pages\/695","targetHints":{"allow":["GET"]}}],"collection":[{"href":"https:\/\/gorkahodson.eu\/en\/wp-json\/wp\/v2\/pages"}],"about":[{"href":"https:\/\/gorkahodson.eu\/en\/wp-json\/wp\/v2\/types\/page"}],"author":[{"embeddable":true,"href":"https:\/\/gorkahodson.eu\/en\/wp-json\/wp\/v2\/users\/1"}],"replies":[{"embeddable":true,"href":"https:\/\/gorkahodson.eu\/en\/wp-json\/wp\/v2\/comments?post=695"}],"version-history":[{"count":4,"href":"https:\/\/gorkahodson.eu\/en\/wp-json\/wp\/v2\/pages\/695\/revisions"}],"predecessor-version":[{"id":888,"href":"https:\/\/gorkahodson.eu\/en\/wp-json\/wp\/v2\/pages\/695\/revisions\/888"}],"wp:attachment":[{"href":"https:\/\/gorkahodson.eu\/en\/wp-json\/wp\/v2\/media?parent=695"}],"curies":[{"name":"wp","href":"https:\/\/api.w.org\/{rel}","templated":true}]}}